{"id":1778,"date":"2022-03-03T15:05:15","date_gmt":"2022-03-03T14:05:15","guid":{"rendered":"https:\/\/www.sprachconcept.de\/?page_id=1778"},"modified":"2022-06-28T16:31:50","modified_gmt":"2022-06-28T14:31:50","slug":"impressum","status":"publish","type":"page","link":"https:\/\/www.sprachconcept.de\/en\/impressum\/","title":{"rendered":"Impressum"},"content":{"rendered":"\n<h2 class=\"wp-block-heading\">Impressum<\/h2>\n\n\n\n<p><strong>sprachConcept berlin brandenburg<\/strong><br>Gesch\u00e4ftsf\u00fchrung: Knut Karl Johannson<br><br>Bruchsaler Stra\u00dfe 6<br>10715 Berlin<\/p>\n\n\n\n<p><strong>Kontakt<\/strong><br>Telefon: 030 804 98 252 \/ 253 <br>Telefax: 030 804 98 248 <br>Email: mail@sprachconcept.de   <\/p>\n\n\n\n<p>Umsatzsteuer-ID-Nr. 20\/366\/01698 <\/p>\n\n\n\n<p>Berufshaftpflicht: VBG Unfallversicherung<\/p>\n","protected":false},"excerpt":{"rendered":"<p>Impressum sprachConcept berlin brandenburgGesch\u00e4ftsf\u00fchrung: Knut Karl Johannson Bruchsaler Stra\u00dfe 610715 Berlin KontaktTelefon: 030 804 98 252 \/ 253 Telefax: 030 804 98 248 Email: mail@sprachconcept.de Umsatzsteuer-ID-Nr. 20\/366\/01698 Berufshaftpflicht: VBG Unfallversicherung<\/p>\n","protected":false},"author":4,"featured_media":0,"parent":0,"menu_order":0,"comment_status":"closed","ping_status":"closed","template":"","meta":{"footnotes":""},"class_list":["post-1778","page","type-page","status-publish","hentry"],"yoast_head":"<!-- This site is optimized with the Yoast SEO plugin v27.5 - https:\/\/yoast.com\/product\/yoast-seo-wordpress\/ -->\n<title>Impressum - sprachConcept<\/title>\n<meta name=\"robots\" content=\"index, follow, max-snippet:-1, max-image-preview:large, max-video-preview:-1\" \/>\n<link rel=\"canonical\" href=\"https:\/\/www.sprachconcept.de\/en\/impressum\/\" \/>\n<meta property=\"og:locale\" content=\"en_US\" \/>\n<meta property=\"og:type\" content=\"article\" \/>\n<meta property=\"og:title\" content=\"Impressum - sprachConcept\" \/>\n<meta property=\"og:description\" content=\"Impressum sprachConcept berlin brandenburgGesch\u00e4ftsf\u00fchrung: Knut Karl Johannson Bruchsaler Stra\u00dfe 610715 Berlin KontaktTelefon: 030 804 98 252 \/ 253 Telefax: 030 804 98 248 Email: mail@sprachconcept.de Umsatzsteuer-ID-Nr. 20\/366\/01698 Berufshaftpflicht: VBG Unfallversicherung\" \/>\n<meta property=\"og:url\" content=\"https:\/\/www.sprachconcept.de\/en\/impressum\/\" \/>\n<meta property=\"og:site_name\" content=\"sprachConcept\" \/>\n<meta property=\"article:modified_time\" content=\"2022-06-28T14:31:50+00:00\" \/>\n<meta name=\"twitter:card\" content=\"summary_large_image\" \/>\n<script type=\"application\/ld+json\" class=\"yoast-schema-graph\">{\"@context\":\"https:\\\/\\\/schema.org\",\"@graph\":[{\"@type\":\"WebPage\",\"@id\":\"https:\\\/\\\/www.sprachconcept.de\\\/en\\\/impressum\\\/\",\"url\":\"https:\\\/\\\/www.sprachconcept.de\\\/en\\\/impressum\\\/\",\"name\":\"Impressum - sprachConcept\",\"isPartOf\":{\"@id\":\"https:\\\/\\\/www.sprachconcept.de\\\/en\\\/#website\"},\"datePublished\":\"2022-03-03T14:05:15+00:00\",\"dateModified\":\"2022-06-28T14:31:50+00:00\",\"breadcrumb\":{\"@id\":\"https:\\\/\\\/www.sprachconcept.de\\\/en\\\/impressum\\\/#breadcrumb\"},\"inLanguage\":\"en-US\",\"potentialAction\":[{\"@type\":\"ReadAction\",\"target\":[\"https:\\\/\\\/www.sprachconcept.de\\\/en\\\/impressum\\\/\"]}]},{\"@type\":\"BreadcrumbList\",\"@id\":\"https:\\\/\\\/www.sprachconcept.de\\\/en\\\/impressum\\\/#breadcrumb\",\"itemListElement\":[{\"@type\":\"ListItem\",\"position\":1,\"name\":\"Home\",\"item\":\"https:\\\/\\\/www.sprachconcept.de\\\/en\\\/language-school-berlin\\\/\"},{\"@type\":\"ListItem\",\"position\":2,\"name\":\"Impressum\"}]},{\"@type\":\"WebSite\",\"@id\":\"https:\\\/\\\/www.sprachconcept.de\\\/en\\\/#website\",\"url\":\"https:\\\/\\\/www.sprachconcept.de\\\/en\\\/\",\"name\":\"sprachConcept\",\"description\":\"berlin - brandenburg\",\"potentialAction\":[{\"@type\":\"SearchAction\",\"target\":{\"@type\":\"EntryPoint\",\"urlTemplate\":\"https:\\\/\\\/www.sprachconcept.de\\\/en\\\/?s={search_term_string}\"},\"query-input\":{\"@type\":\"PropertyValueSpecification\",\"valueRequired\":true,\"valueName\":\"search_term_string\"}}],\"inLanguage\":\"en-US\"}]}<\/script>\n<!-- \/ Yoast SEO plugin. -->","yoast_head_json":{"title":"Impressum - sprachConcept","robots":{"index":"index","follow":"follow","max-snippet":"max-snippet:-1","max-image-preview":"max-image-preview:large","max-video-preview":"max-video-preview:-1"},"canonical":"https:\/\/www.sprachconcept.de\/en\/impressum\/","og_locale":"en_US","og_type":"article","og_title":"Impressum - sprachConcept","og_description":"Impressum sprachConcept berlin brandenburgGesch\u00e4ftsf\u00fchrung: Knut Karl Johannson Bruchsaler Stra\u00dfe 610715 Berlin KontaktTelefon: 030 804 98 252 \/ 253 Telefax: 030 804 98 248 Email: mail@sprachconcept.de Umsatzsteuer-ID-Nr. 20\/366\/01698 Berufshaftpflicht: VBG Unfallversicherung","og_url":"https:\/\/www.sprachconcept.de\/en\/impressum\/","og_site_name":"sprachConcept","article_modified_time":"2022-06-28T14:31:50+00:00","twitter_card":"summary_large_image","schema":{"@context":"https:\/\/schema.org","@graph":[{"@type":"WebPage","@id":"https:\/\/www.sprachconcept.de\/en\/impressum\/","url":"https:\/\/www.sprachconcept.de\/en\/impressum\/","name":"Impressum - sprachConcept","isPartOf":{"@id":"https:\/\/www.sprachconcept.de\/en\/#website"},"datePublished":"2022-03-03T14:05:15+00:00","dateModified":"2022-06-28T14:31:50+00:00","breadcrumb":{"@id":"https:\/\/www.sprachconcept.de\/en\/impressum\/#breadcrumb"},"inLanguage":"en-US","potentialAction":[{"@type":"ReadAction","target":["https:\/\/www.sprachconcept.de\/en\/impressum\/"]}]},{"@type":"BreadcrumbList","@id":"https:\/\/www.sprachconcept.de\/en\/impressum\/#breadcrumb","itemListElement":[{"@type":"ListItem","position":1,"name":"Home","item":"https:\/\/www.sprachconcept.de\/en\/language-school-berlin\/"},{"@type":"ListItem","position":2,"name":"Impressum"}]},{"@type":"WebSite","@id":"https:\/\/www.sprachconcept.de\/en\/#website","url":"https:\/\/www.sprachconcept.de\/en\/","name":"sprachConcept","description":"berlin - brandenburg","potentialAction":[{"@type":"SearchAction","target":{"@type":"EntryPoint","urlTemplate":"https:\/\/www.sprachconcept.de\/en\/?s={search_term_string}"},"query-input":{"@type":"PropertyValueSpecification","valueRequired":true,"valueName":"search_term_string"}}],"inLanguage":"en-US"}]}},"_links":{"self":[{"href":"https:\/\/www.sprachconcept.de\/en\/wp-json\/wp\/v2\/pages\/1778","targetHints":{"allow":["GET"]}}],"collection":[{"href":"https:\/\/www.sprachconcept.de\/en\/wp-json\/wp\/v2\/pages"}],"about":[{"href":"https:\/\/www.sprachconcept.de\/en\/wp-json\/wp\/v2\/types\/page"}],"author":[{"embeddable":true,"href":"https:\/\/www.sprachconcept.de\/en\/wp-json\/wp\/v2\/users\/4"}],"replies":[{"embeddable":true,"href":"https:\/\/www.sprachconcept.de\/en\/wp-json\/wp\/v2\/comments?post=1778"}],"version-history":[{"count":0,"href":"https:\/\/www.sprachconcept.de\/en\/wp-json\/wp\/v2\/pages\/1778\/revisions"}],"wp:attachment":[{"href":"https:\/\/www.sprachconcept.de\/en\/wp-json\/wp\/v2\/media?parent=1778"}],"curies":[{"name":"wp","href":"https:\/\/api.w.org\/{rel}","templated":true}]}}