{"id":1026,"date":"2021-08-24T15:13:29","date_gmt":"2021-08-24T13:13:29","guid":{"rendered":"http:\/\/2021.sprachconcept.de\/service-de-traduction\/"},"modified":"2022-01-13T12:28:06","modified_gmt":"2022-01-13T11:28:06","slug":"service-de-traduction","status":"publish","type":"page","link":"https:\/\/www.sprachconcept.de\/fr\/service-de-traduction\/","title":{"rendered":"Service de traduction"},"content":{"rendered":"<\/p>\n\n<style type=\"text\/css\" data-created_by=\"avia_inline_auto\" id=\"style-css-av-krovh6ql-c82c99b1119eb1c266a8ac5c9b2f98b5\">\n.avia-section.av-krovh6ql-c82c99b1119eb1c266a8ac5c9b2f98b5{\nbackground-repeat:no-repeat;\nbackground-image:url(https:\/\/www.sprachconcept.de\/wp-content\/uploads\/2021\/07\/56119726_2212911725432568_3684952154646249472_n-1329x430.jpg);\nbackground-position:50% 0%;\nbackground-attachment:scroll;\n}\n<\/style>\n<div id='av_section_1'  class='avia-section av-krovh6ql-c82c99b1119eb1c266a8ac5c9b2f98b5 main_color avia-section-default avia-no-border-styling  avia-builder-el-0  el_before_av_one_fifth  avia-builder-el-first  avia-full-stretch avia-bg-style-scroll av-minimum-height av-minimum-height-custom av-height-custom  container_wrap sidebar_right'  data-section-bg-repeat='stretch' data-av_minimum_height_px='430'><div class='container av-section-cont-open' style='height:430px'><main  role=\"main\" itemprop=\"mainContentOfPage\"  class='template-page content  av-content-small alpha units'><div class='post-entry post-entry-type-page post-entry-1026'><div class='entry-content-wrapper clearfix'>\n\n<style type=\"text\/css\" data-created_by=\"avia_inline_auto\" id=\"style-css-av-4eo6jp-b006f239ae8cd9a78e846e84159c9e66\">\n.flex_column.av-4eo6jp-b006f239ae8cd9a78e846e84159c9e66{\nborder-radius:0px 0px 0px 0px;\npadding:0px 0px 0px 0px;\n}\n<\/style>\n<div  class='flex_column av-4eo6jp-b006f239ae8cd9a78e846e84159c9e66 av_one_full  avia-builder-el-1  avia-builder-el-no-sibling  first flex_column_div av-zero-column-padding  '     ><style type=\"text\/css\" data-created_by=\"avia_inline_auto\" id=\"style-css-av-kroviycy-d39ee9d6e6ad1697a21ce11cc81f824e\">\n#top .av-special-heading.av-kroviycy-d39ee9d6e6ad1697a21ce11cc81f824e{\npadding-bottom:40px;\ncolor:#013398;\nfont-size:72px;\n}\nbody .av-special-heading.av-kroviycy-d39ee9d6e6ad1697a21ce11cc81f824e .av-special-heading-tag .heading-char{\nfont-size:25px;\n}\n#top #wrap_all .av-special-heading.av-kroviycy-d39ee9d6e6ad1697a21ce11cc81f824e .av-special-heading-tag{\nfont-size:72px;\n}\n.av-special-heading.av-kroviycy-d39ee9d6e6ad1697a21ce11cc81f824e .special-heading-inner-border{\nborder-color:#013398;\n}\n.av-special-heading.av-kroviycy-d39ee9d6e6ad1697a21ce11cc81f824e .av-subheading{\nfont-size:20px;\n}\n\n@media only screen and (min-width: 480px) and (max-width: 767px){ \n#top #wrap_all .av-special-heading.av-kroviycy-d39ee9d6e6ad1697a21ce11cc81f824e .av-special-heading-tag{\nfont-size:0.8em;\n}\n}\n\n@media only screen and (max-width: 479px){ \n#top #wrap_all .av-special-heading.av-kroviycy-d39ee9d6e6ad1697a21ce11cc81f824e .av-special-heading-tag{\nfont-size:0.8em;\n}\n}\n<\/style>\n<div  class='av-special-heading av-kroviycy-d39ee9d6e6ad1697a21ce11cc81f824e av-special-heading-h6 custom-color-heading blockquote modern-quote modern-centered  avia-builder-el-2  avia-builder-el-no-sibling  av-inherit-size'><h6 class='av-special-heading-tag '  itemprop=\"headline\"  >Service de traduction<\/h6><div class=\"special-heading-border\"><div class=\"special-heading-inner-border\"><\/div><\/div><\/div><\/div>\n<\/div><\/div><\/main><!-- close content main element --><\/div><\/div><div id='after_section_1'  class='main_color av_default_container_wrap container_wrap sidebar_right'  ><div class='container av-section-cont-open' ><div class='template-page content  av-content-small alpha units'><div class='post-entry post-entry-type-page post-entry-1026'><div class='entry-content-wrapper clearfix'>\n\n<style type=\"text\/css\" data-created_by=\"avia_inline_auto\" id=\"style-css-av-4akmth-99146b65484d3aa1756a453d2309acbb\">\n.flex_column.av-4akmth-99146b65484d3aa1756a453d2309acbb{\nborder-radius:0px 0px 0px 0px;\npadding:0px 0px 0px 0px;\n}\n<\/style>\n<div  class='flex_column av-4akmth-99146b65484d3aa1756a453d2309acbb av_one_fifth  avia-builder-el-3  el_after_av_section  el_before_av_three_fifth  avia-builder-el-first  first flex_column_div av-zero-column-padding  '     ><\/div>\n\n<style type=\"text\/css\" data-created_by=\"avia_inline_auto\" id=\"style-css-av-4314wd-a17bf3ef0e8665f28d6ef046fb4285fb\">\n.flex_column.av-4314wd-a17bf3ef0e8665f28d6ef046fb4285fb{\nborder-radius:0px 0px 0px 0px;\npadding:0px 0px 0px 0px;\n}\n<\/style>\n<div  class='flex_column av-4314wd-a17bf3ef0e8665f28d6ef046fb4285fb av_three_fifth  avia-builder-el-4  el_after_av_one_fifth  el_before_av_one_fifth  flex_column_div av-zero-column-padding  '     ><section  class='av_textblock_section av-krovolfp-4ad4563837138df3f55e305023c75b3c '   itemscope=\"itemscope\" itemtype=\"https:\/\/schema.org\/CreativeWork\" ><div class='avia_textblock av_inherit_color'  itemprop=\"text\" ><h3 style=\"text-align: center;\"><strong>Professionnel, fiable et ponctuel<\/strong><\/h3>\n<p style=\"text-align: center;\">\n<p style=\"text-align: center;\">\n<p style=\"text-align: center;\">\n<p style=\"text-align: center;\">Vous avez besoin d&rsquo;une traduction \u00e0 des fins professionnelles ou priv\u00e9es ? Nous pouvons vous aider ! Nos traducteurs et correcteurs qualifi\u00e9s offrent un large \u00e9ventail de services de traduction et d&rsquo;interpr\u00e9tation et r\u00e9alisent \u00e9galement des traductions pour des organismes officiels et des institutions publiques.<\/p>\n<\/div><\/section><\/div>\n\n<style type=\"text\/css\" data-created_by=\"avia_inline_auto\" id=\"style-css-av-3xctyl-ba51a73e8c569b4002c6a9a000fd430a\">\n.flex_column.av-3xctyl-ba51a73e8c569b4002c6a9a000fd430a{\nborder-radius:0px 0px 0px 0px;\npadding:0px 0px 0px 0px;\n}\n<\/style>\n<div  class='flex_column av-3xctyl-ba51a73e8c569b4002c6a9a000fd430a av_one_fifth  avia-builder-el-6  el_after_av_three_fifth  el_before_av_one_half  flex_column_div av-zero-column-padding  '     ><\/div>\n\n<style type=\"text\/css\" data-created_by=\"avia_inline_auto\" id=\"style-css-av-13016l-1968ddec411f77529b896e563116170f\">\n.flex_column.av-13016l-1968ddec411f77529b896e563116170f{\nborder-radius:0px 0px 0px 0px;\npadding:0px 0px 0px 0px;\n}\n<\/style>\n<div  class='flex_column av-13016l-1968ddec411f77529b896e563116170f av_one_half  avia-builder-el-7  el_after_av_one_fifth  el_before_av_one_half  first flex_column_div av-zero-column-padding  column-top-margin'     ><style type=\"text\/css\" data-created_by=\"avia_inline_auto\" id=\"style-css-av-krq92ug3-687e28d6df186369ea54e7d75e3fb5c8\">\n#top .avia-icon-list-container.av-krq92ug3-687e28d6df186369ea54e7d75e3fb5c8 .iconlist_icon{\ncolor:#ffcc02;\nbackground-color:#013399;\n}\n#top .avia-icon-list-container.av-krq92ug3-687e28d6df186369ea54e7d75e3fb5c8 .iconlist_icon svg:first-child{\nstroke:#ffcc02;\nfill:#ffcc02;\n}\n#top #wrap_all .avia-icon-list-container.av-krq92ug3-687e28d6df186369ea54e7d75e3fb5c8 .av_iconlist_title{\ncolor:#013399;\n}\n<\/style>\n<div  class='avia-icon-list-container av-krq92ug3-687e28d6df186369ea54e7d75e3fb5c8  avia-builder-el-8  avia-builder-el-no-sibling '><ul class='avia-icon-list avia_animate_when_almost_visible avia-icon-list-left av-iconlist-big av-krq92ug3-687e28d6df186369ea54e7d75e3fb5c8 avia-iconlist-animate'>\n<li><div class='iconlist_icon av-krq93c5a-a342001d85dec099f1d10443a24de171 avia-font-entypo-fontello avia-iconfont avia-font-entypo-fontello'><span class='av-icon-char' data-av_icon='\ue8c5' data-av_iconfont='entypo-fontello' aria-hidden=\"true\"><\/span><\/div><article class=\"article-icon-entry \"  itemscope=\"itemscope\" itemtype=\"https:\/\/schema.org\/CreativeWork\" ><div class=\"iconlist_content_wrap\"><header class=\"entry-content-header\" aria-label=\"Ic\u00f4ne : Documents d\u2019affaires\"><h4 class='av_iconlist_title iconlist_title  av_inherit_color'  itemprop=\"headline\" >Documents d\u2019affaires<\/h4><\/header><div class='iconlist_content '  itemprop=\"text\" ><p>Contrats, rapports annuels et bilans<\/p>\n<\/div><\/div><footer class=\"entry-footer\"><\/footer><\/article><div class=\"iconlist-timeline\"><\/div><\/li>\n<li><div class='iconlist_icon av-krq94ndi-c8dd18bd3f12a1ce29e16d19e927824f avia-font-entypo-fontello avia-iconfont avia-font-entypo-fontello'><span class='av-icon-char' data-av_icon='\ue84d' data-av_iconfont='entypo-fontello' aria-hidden=\"true\"><\/span><\/div><article class=\"article-icon-entry \"  itemscope=\"itemscope\" itemtype=\"https:\/\/schema.org\/CreativeWork\" ><div class=\"iconlist_content_wrap\"><header class=\"entry-content-header\" aria-label=\"Ic\u00f4ne : Documents de candidature\"><h4 class='av_iconlist_title iconlist_title  av_inherit_color'  itemprop=\"headline\" >Documents de candidature<\/h4><\/header><div class='iconlist_content '  itemprop=\"text\" ><p>curriculum vitae, lettres de motivation, offres<\/p>\n<\/div><\/div><footer class=\"entry-footer\"><\/footer><\/article><div class=\"iconlist-timeline\"><\/div><\/li>\n<li><div class='iconlist_icon av-krq95duw-378c447f184b349616b364422e5e1f2e avia-font-entypo-fontello avia-iconfont avia-font-entypo-fontello'><span class='av-icon-char' data-av_icon='\ue84f' data-av_iconfont='entypo-fontello' aria-hidden=\"true\"><\/span><\/div><article class=\"article-icon-entry \"  itemscope=\"itemscope\" itemtype=\"https:\/\/schema.org\/CreativeWork\" ><div class=\"iconlist_content_wrap\"><header class=\"entry-content-header\" aria-label=\"Ic\u00f4ne : Travaux pr\u00e9publi\u00e9s et post-publi\u00e9s\"><h4 class='av_iconlist_title iconlist_title  av_inherit_color'  itemprop=\"headline\" >Travaux pr\u00e9publi\u00e9s et post-publi\u00e9s<\/h4><\/header><div class='iconlist_content '  itemprop=\"text\" ><p>Dissertations, brochures, livres et manuscrits<\/p>\n<\/div><\/div><footer class=\"entry-footer\"><\/footer><\/article><div class=\"iconlist-timeline\"><\/div><\/li>\n<\/ul><\/div><\/div>\n<style type=\"text\/css\" data-created_by=\"avia_inline_auto\" id=\"style-css-av-x0eu5-7bae9ef115eb144383506d3be3c29495\">\n.flex_column.av-x0eu5-7bae9ef115eb144383506d3be3c29495{\nborder-radius:0px 0px 0px 0px;\npadding:0px 0px 0px 0px;\n}\n<\/style>\n<div  class='flex_column av-x0eu5-7bae9ef115eb144383506d3be3c29495 av_one_half  avia-builder-el-9  el_after_av_one_half  el_before_av_one_full  flex_column_div av-zero-column-padding  column-top-margin'     ><style type=\"text\/css\" data-created_by=\"avia_inline_auto\" id=\"style-css-av-krqabdf5-b81efd059fadf95f2d6cc06be9e275ba\">\n#top .avia-icon-list-container.av-krqabdf5-b81efd059fadf95f2d6cc06be9e275ba .iconlist_icon{\ncolor:#ffcc02;\nbackground-color:#013399;\n}\n#top .avia-icon-list-container.av-krqabdf5-b81efd059fadf95f2d6cc06be9e275ba .iconlist_icon svg:first-child{\nstroke:#ffcc02;\nfill:#ffcc02;\n}\n#top #wrap_all .avia-icon-list-container.av-krqabdf5-b81efd059fadf95f2d6cc06be9e275ba .av_iconlist_title{\ncolor:#013399;\n}\n<\/style>\n<div  class='avia-icon-list-container av-krqabdf5-b81efd059fadf95f2d6cc06be9e275ba  avia-builder-el-10  avia-builder-el-no-sibling '><ul class='avia-icon-list avia_animate_when_almost_visible avia-icon-list-left av-iconlist-big av-krqabdf5-b81efd059fadf95f2d6cc06be9e275ba avia-iconlist-animate'>\n<li><div class='iconlist_icon av-tgo2l-27d6136d4f4593bc7f3f8faaca8296bd avia-font-entypo-fontello avia-iconfont avia-font-entypo-fontello'><span class='av-icon-char' data-av_icon='\ue8c9' data-av_iconfont='entypo-fontello' aria-hidden=\"true\"><\/span><\/div><article class=\"article-icon-entry \"  itemscope=\"itemscope\" itemtype=\"https:\/\/schema.org\/CreativeWork\" ><div class=\"iconlist_content_wrap\"><header class=\"entry-content-header\" aria-label=\"Ic\u00f4ne : Certificats et dipl\u00f4mes\"><h4 class='av_iconlist_title iconlist_title  av_inherit_color'  itemprop=\"headline\" >Certificats et dipl\u00f4mes<\/h4><\/header><div class='iconlist_content '  itemprop=\"text\" ><p>\u00c0 des fins \u00e9ducatives, commerciales et d&rsquo;immigration<\/p>\n<\/div><\/div><footer class=\"entry-footer\"><\/footer><\/article><div class=\"iconlist-timeline\"><\/div><\/li>\n<li><div class='iconlist_icon av-j2z51-962c796fd8098266ce3ed61d37286dab avia-font-entypo-fontello avia-iconfont avia-font-entypo-fontello'><span class='av-icon-char' data-av_icon='\ue8ab' data-av_iconfont='entypo-fontello' aria-hidden=\"true\"><\/span><\/div><article class=\"article-icon-entry \"  itemscope=\"itemscope\" itemtype=\"https:\/\/schema.org\/CreativeWork\" ><div class=\"iconlist_content_wrap\"><header class=\"entry-content-header\" aria-label=\"Ic\u00f4ne : Sites web et articles de blog\"><h4 class='av_iconlist_title iconlist_title  av_inherit_color'  itemprop=\"headline\" >Sites web et articles de blog<\/h4><\/header><div class='iconlist_content '  itemprop=\"text\" ><p>Bulletins d&rsquo;information num\u00e9riques, sites web et autres m\u00e9dias en ligne<\/p>\n<\/div><\/div><footer class=\"entry-footer\"><\/footer><\/article><div class=\"iconlist-timeline\"><\/div><\/li>\n<li><div class='iconlist_icon av-e7v4l-99986a1788afd85a053205f8cbf50b9c avia-font-entypo-fontello avia-iconfont avia-font-entypo-fontello'><span class='av-icon-char' data-av_icon='\ue8d2' data-av_iconfont='entypo-fontello' aria-hidden=\"true\"><\/span><\/div><article class=\"article-icon-entry av-iconlist-empty\"  itemscope=\"itemscope\" itemtype=\"https:\/\/schema.org\/CreativeWork\" ><div class=\"iconlist_content_wrap\"><header class=\"entry-content-header\" aria-label=\"Ic\u00f4ne : Communiqu\u00e9s de presse et discours\"><h4 class='av_iconlist_title iconlist_title  av_inherit_color'  itemprop=\"headline\" >Communiqu\u00e9s de presse et discours<\/h4><\/header><div class='iconlist_content '  itemprop=\"text\" ><\/div><\/div><footer class=\"entry-footer\"><\/footer><\/article><div class=\"iconlist-timeline\"><\/div><\/li>\n<\/ul><\/div><\/div><\/p>\n\n<style type=\"text\/css\" data-created_by=\"avia_inline_auto\" id=\"style-css-av-bq23p-81afe802f7e676ba9da5a736b7058710\">\n.flex_column.av-bq23p-81afe802f7e676ba9da5a736b7058710{\nborder-radius:0px 0px 0px 0px;\npadding:0px 0px 0px 0px;\n}\n<\/style>\n<div  class='flex_column av-bq23p-81afe802f7e676ba9da5a736b7058710 av_one_full  avia-builder-el-11  el_after_av_one_half  avia-builder-el-last  first flex_column_div av-zero-column-padding  column-top-margin'     ><section  class='av_textblock_section av-krqaeomg-82362a8d616c79e949b36bcfaa098d2e '   itemscope=\"itemscope\" itemtype=\"https:\/\/schema.org\/CreativeWork\" ><div class='avia_textblock av_inherit_color'  itemprop=\"text\" ><h3 style=\"text-align: center;\">La confidentialit\u00e9 est notre priorit\u00e9 absolue.<\/h3>\n<p style=\"text-align: center;\">Notre exp\u00e9rience garantit une qualit\u00e9 optimale dans toutes les langues. <a href=\"https:\/\/www.sprachconcept.de\/fr\/contact\/\">Contactez nous<\/a> aujourd&rsquo;hui !<\/p>\n<\/div><\/section><\/div>\n","protected":false},"excerpt":{"rendered":"","protected":false},"author":3,"featured_media":0,"parent":0,"menu_order":0,"comment_status":"closed","ping_status":"closed","template":"","meta":{"footnotes":""},"class_list":["post-1026","page","type-page","status-publish","hentry"],"yoast_head":"<!-- This site is optimized with the Yoast SEO plugin v27.5 - https:\/\/yoast.com\/product\/yoast-seo-wordpress\/ -->\n<title>Service de traduction - sprachConcept<\/title>\n<meta name=\"robots\" content=\"index, follow, max-snippet:-1, max-image-preview:large, max-video-preview:-1\" \/>\n<link rel=\"canonical\" href=\"https:\/\/www.sprachconcept.de\/fr\/service-de-traduction\/\" \/>\n<meta property=\"og:locale\" content=\"fr_FR\" \/>\n<meta property=\"og:type\" content=\"article\" \/>\n<meta property=\"og:title\" content=\"Service de traduction - sprachConcept\" \/>\n<meta property=\"og:url\" content=\"https:\/\/www.sprachconcept.de\/fr\/service-de-traduction\/\" \/>\n<meta property=\"og:site_name\" content=\"sprachConcept\" \/>\n<meta property=\"article:modified_time\" content=\"2022-01-13T11:28:06+00:00\" \/>\n<meta name=\"twitter:card\" content=\"summary_large_image\" \/>\n<meta name=\"twitter:label1\" content=\"Dur\u00e9e de lecture estim\u00e9e\" \/>\n\t<meta name=\"twitter:data1\" content=\"9 minutes\" \/>\n<script type=\"application\/ld+json\" class=\"yoast-schema-graph\">{\"@context\":\"https:\\\/\\\/schema.org\",\"@graph\":[{\"@type\":\"WebPage\",\"@id\":\"https:\\\/\\\/www.sprachconcept.de\\\/fr\\\/service-de-traduction\\\/\",\"url\":\"https:\\\/\\\/www.sprachconcept.de\\\/fr\\\/service-de-traduction\\\/\",\"name\":\"Service de traduction - sprachConcept\",\"isPartOf\":{\"@id\":\"https:\\\/\\\/www.sprachconcept.de\\\/fr\\\/#website\"},\"datePublished\":\"2021-08-24T13:13:29+00:00\",\"dateModified\":\"2022-01-13T11:28:06+00:00\",\"breadcrumb\":{\"@id\":\"https:\\\/\\\/www.sprachconcept.de\\\/fr\\\/service-de-traduction\\\/#breadcrumb\"},\"inLanguage\":\"fr-FR\",\"potentialAction\":[{\"@type\":\"ReadAction\",\"target\":[\"https:\\\/\\\/www.sprachconcept.de\\\/fr\\\/service-de-traduction\\\/\"]}]},{\"@type\":\"BreadcrumbList\",\"@id\":\"https:\\\/\\\/www.sprachconcept.de\\\/fr\\\/service-de-traduction\\\/#breadcrumb\",\"itemListElement\":[{\"@type\":\"ListItem\",\"position\":1,\"name\":\"Home\",\"item\":\"https:\\\/\\\/www.sprachconcept.de\\\/fr\\\/page-daccueil\\\/\"},{\"@type\":\"ListItem\",\"position\":2,\"name\":\"Service de traduction\"}]},{\"@type\":\"WebSite\",\"@id\":\"https:\\\/\\\/www.sprachconcept.de\\\/fr\\\/#website\",\"url\":\"https:\\\/\\\/www.sprachconcept.de\\\/fr\\\/\",\"name\":\"sprachConcept\",\"description\":\"berlin - brandenburg\",\"potentialAction\":[{\"@type\":\"SearchAction\",\"target\":{\"@type\":\"EntryPoint\",\"urlTemplate\":\"https:\\\/\\\/www.sprachconcept.de\\\/fr\\\/?s={search_term_string}\"},\"query-input\":{\"@type\":\"PropertyValueSpecification\",\"valueRequired\":true,\"valueName\":\"search_term_string\"}}],\"inLanguage\":\"fr-FR\"}]}<\/script>\n<!-- \/ Yoast SEO plugin. -->","yoast_head_json":{"title":"Service de traduction - sprachConcept","robots":{"index":"index","follow":"follow","max-snippet":"max-snippet:-1","max-image-preview":"max-image-preview:large","max-video-preview":"max-video-preview:-1"},"canonical":"https:\/\/www.sprachconcept.de\/fr\/service-de-traduction\/","og_locale":"fr_FR","og_type":"article","og_title":"Service de traduction - sprachConcept","og_url":"https:\/\/www.sprachconcept.de\/fr\/service-de-traduction\/","og_site_name":"sprachConcept","article_modified_time":"2022-01-13T11:28:06+00:00","twitter_card":"summary_large_image","twitter_misc":{"Dur\u00e9e de lecture estim\u00e9e":"9 minutes"},"schema":{"@context":"https:\/\/schema.org","@graph":[{"@type":"WebPage","@id":"https:\/\/www.sprachconcept.de\/fr\/service-de-traduction\/","url":"https:\/\/www.sprachconcept.de\/fr\/service-de-traduction\/","name":"Service de traduction - sprachConcept","isPartOf":{"@id":"https:\/\/www.sprachconcept.de\/fr\/#website"},"datePublished":"2021-08-24T13:13:29+00:00","dateModified":"2022-01-13T11:28:06+00:00","breadcrumb":{"@id":"https:\/\/www.sprachconcept.de\/fr\/service-de-traduction\/#breadcrumb"},"inLanguage":"fr-FR","potentialAction":[{"@type":"ReadAction","target":["https:\/\/www.sprachconcept.de\/fr\/service-de-traduction\/"]}]},{"@type":"BreadcrumbList","@id":"https:\/\/www.sprachconcept.de\/fr\/service-de-traduction\/#breadcrumb","itemListElement":[{"@type":"ListItem","position":1,"name":"Home","item":"https:\/\/www.sprachconcept.de\/fr\/page-daccueil\/"},{"@type":"ListItem","position":2,"name":"Service de traduction"}]},{"@type":"WebSite","@id":"https:\/\/www.sprachconcept.de\/fr\/#website","url":"https:\/\/www.sprachconcept.de\/fr\/","name":"sprachConcept","description":"berlin - brandenburg","potentialAction":[{"@type":"SearchAction","target":{"@type":"EntryPoint","urlTemplate":"https:\/\/www.sprachconcept.de\/fr\/?s={search_term_string}"},"query-input":{"@type":"PropertyValueSpecification","valueRequired":true,"valueName":"search_term_string"}}],"inLanguage":"fr-FR"}]}},"_links":{"self":[{"href":"https:\/\/www.sprachconcept.de\/fr\/wp-json\/wp\/v2\/pages\/1026","targetHints":{"allow":["GET"]}}],"collection":[{"href":"https:\/\/www.sprachconcept.de\/fr\/wp-json\/wp\/v2\/pages"}],"about":[{"href":"https:\/\/www.sprachconcept.de\/fr\/wp-json\/wp\/v2\/types\/page"}],"author":[{"embeddable":true,"href":"https:\/\/www.sprachconcept.de\/fr\/wp-json\/wp\/v2\/users\/3"}],"replies":[{"embeddable":true,"href":"https:\/\/www.sprachconcept.de\/fr\/wp-json\/wp\/v2\/comments?post=1026"}],"version-history":[{"count":0,"href":"https:\/\/www.sprachconcept.de\/fr\/wp-json\/wp\/v2\/pages\/1026\/revisions"}],"wp:attachment":[{"href":"https:\/\/www.sprachconcept.de\/fr\/wp-json\/wp\/v2\/media?parent=1026"}],"curies":[{"name":"wp","href":"https:\/\/api.w.org\/{rel}","templated":true}]}}