{"id":970,"date":"2021-08-24T12:16:22","date_gmt":"2021-08-24T10:16:22","guid":{"rendered":"http:\/\/2021.sprachconcept.de\/a-propos-de-nous\/"},"modified":"2023-05-25T11:31:20","modified_gmt":"2023-05-25T09:31:20","slug":"a-propos-de-nous","status":"publish","type":"page","link":"https:\/\/www.sprachconcept.de\/fr\/a-propos-de-nous\/","title":{"rendered":"A propos de nous"},"content":{"rendered":"\n<style type=\"text\/css\" data-created_by=\"avia_inline_auto\" id=\"style-css-av-fyl2v-71e8619f547e47282809d62799e1e240\">\n.avia-section.av-fyl2v-71e8619f547e47282809d62799e1e240{\nbackground-repeat:no-repeat;\nbackground-image:url(https:\/\/www.sprachconcept.de\/wp-content\/uploads\/2021\/07\/56119726_2212911725432568_3684952154646249472_n-845x321.jpg);\nbackground-position:50% 100%;\nbackground-attachment:scroll;\n}\n<\/style>\n<div id='av_section_1'  class='avia-section av-fyl2v-71e8619f547e47282809d62799e1e240 main_color avia-section-default avia-no-border-styling  avia-builder-el-0  el_before_av_section  avia-builder-el-first  avia-full-stretch avia-bg-style-scroll av-minimum-height av-minimum-height-custom av-height-custom  container_wrap sidebar_right'  data-section-bg-repeat='stretch' data-av_minimum_height_px='430'><div class='container av-section-cont-open' style='height:430px'><main  role=\"main\" itemprop=\"mainContentOfPage\"  class='template-page content  av-content-small alpha units'><div class='post-entry post-entry-type-page post-entry-970'><div class='entry-content-wrapper clearfix'>\n<\/div><\/div><\/main><!-- close content main element --><\/div><\/div><div id='av_section_2'  class='avia-section av-1h1b3-7fe9fbb049a18093d3615b54166e13fc main_color avia-section-large avia-no-border-styling  avia-builder-el-1  el_after_av_section  el_before_av_section  avia-bg-style-scroll container_wrap sidebar_right'  ><div class='container av-section-cont-open' ><div class='template-page content  av-content-small alpha units'><div class='post-entry post-entry-type-page post-entry-970'><div class='entry-content-wrapper clearfix'>\n<div  class='flex_column av-ruin-c631a28a010e109a7ca880d25c4e8c57 av_one_fifth  avia-builder-el-2  el_before_av_four_fifth  avia-builder-el-first  first flex_column_div  '     ><section  class='avia-team-member av-krv1bxx6-12e5c8fffce6082a760eff062343860c  avia-builder-el-3  avia-builder-el-no-sibling '  itemscope=\"itemscope\" itemtype=\"https:\/\/schema.org\/Person\" ><div class=\"team-img-container\"><img decoding=\"async\" fetchpriority=\"high\" class='wp-image-582 avia-img-lazy-loading-not-582 avia_image avia_image_team' src=\"https:\/\/www.sprachconcept.de\/wp-content\/uploads\/2021\/06\/17046_Sprachschule_sprachConcept_642-200x300.jpg\" alt='Knut Johannson'  itemprop=\"image\"   height=\"300\" width=\"200\" srcset=\"https:\/\/www.sprachconcept.de\/wp-content\/uploads\/2021\/06\/17046_Sprachschule_sprachConcept_642-200x300.jpg 200w, https:\/\/www.sprachconcept.de\/wp-content\/uploads\/2021\/06\/17046_Sprachschule_sprachConcept_642-687x1030.jpg 687w, https:\/\/www.sprachconcept.de\/wp-content\/uploads\/2021\/06\/17046_Sprachschule_sprachConcept_642-768x1152.jpg 768w, https:\/\/www.sprachconcept.de\/wp-content\/uploads\/2021\/06\/17046_Sprachschule_sprachConcept_642-1024x1536.jpg 1024w, https:\/\/www.sprachconcept.de\/wp-content\/uploads\/2021\/06\/17046_Sprachschule_sprachConcept_642-1365x2048.jpg 1365w, https:\/\/www.sprachconcept.de\/wp-content\/uploads\/2021\/06\/17046_Sprachschule_sprachConcept_642-1000x1500.jpg 1000w, https:\/\/www.sprachconcept.de\/wp-content\/uploads\/2021\/06\/17046_Sprachschule_sprachConcept_642-470x705.jpg 470w, https:\/\/www.sprachconcept.de\/wp-content\/uploads\/2021\/06\/17046_Sprachschule_sprachConcept_642-scaled.jpg 1707w\" sizes=\"(max-width: 200px) 100vw, 200px\" \/><\/div><h3 class='team-member-name '  itemprop=\"name\" >Knut Johannson<\/h3><div class='team-member-job-title '  itemprop=\"jobTitle\" >Fondateur de sprachConcept<\/div><span class='hidden team-member-affiliation'  itemprop=\"affiliation\" >sprachConcept<\/span><\/section><\/div><div  class='flex_column av-czewf-e6fb33f47e583cd73d6e998350bed3a6 av_four_fifth  avia-builder-el-4  el_after_av_one_fifth  avia-builder-el-last  flex_column_div  '     ><section  class='av_textblock_section av-bg7h7-8d4a6a19584a54acec6bff241d247180 '   itemscope=\"itemscope\" itemtype=\"https:\/\/schema.org\/CreativeWork\" ><div class='avia_textblock'  itemprop=\"text\" ><h4 class=\"av-special-heading-tag \">\u00c9couter. Parler. Comprendre.<br \/>\nApprendre les langues \u2013 avec le sourire <br class=\"avia-permanent-lb\" \/><br class=\"avia-permanent-lb\" \/><\/h4>\n<p class=\"av-special-heading-tag \">sprachConcept est <strong>une \u00e9cole de langues moderne qui combine des techniques d&rsquo;enseignement traditionnelles avec des m\u00e9thodes innovantes pour une exp\u00e9rience d&rsquo;apprentissage des langues dynamique<\/strong>. La patience, l&rsquo;adaptabilit\u00e9 et la joie d&rsquo;enseigner sont nos points forts !<\/p>\n<p>Avant de commencer \u00e0 apprendre une langue avec nous, nous vous proposons un test de niveau gratuit qui vous permettra de conna\u00eetre votre niveau actuel et de trouver <a href=\"https:\/\/www.sprachconcept.de\/fr\/cours-de-langues\/\">le cours de langue<\/a> adapt\u00e9 \u00e0 votre niveau. <a href=\"https:\/\/www.sprachconcept.de\/fr\/nos-enseignants\/\">Nos enseignants<\/a>\u00a0exp\u00e9riment\u00e9s, de langue maternelle, personnaliseront ensuite chaque le\u00e7on et chaque cours pour vous aider \u00e0 apprendre la langue de votre choix rapidement et en toute confiance. Nous pensons que l&rsquo;apprentissage de la grammaire et du vocabulaire vont de pair ; la mise \u00e0 niveau de vos comp\u00e9tences grammaticales est la base de votre r\u00e9ussite dans votre nouvelle langue !<\/p>\n<p><strong>D\u00e9veloppement professionnel et certification :<\/strong><br \/>\nLa qualit\u00e9 est notre priorit\u00e9 absolue, c&rsquo;est pourquoi nous avons mis en place un syst\u00e8me de gestion de la qualit\u00e9 strict conforme \u00e0 la norme DIN EN ISO 9001. En outre, nous sommes certifi\u00e9s en tant que prestataire de formation AZAV par DEKRA CERTIFICATION GmbH, ce qui signifie que les mesures de formation continue peuvent \u00eatre financ\u00e9es par l&rsquo;Agence f\u00e9d\u00e9rale pour l&#8217;emploi.<\/p>\n<p>Nous sommes impatients de faire votre connaissance ! <a href=\"https:\/\/www.sprachconcept.de\/fr\/contact\/\">Contactez nous<\/a> d\u00e8s aujourd&rsquo;hui et apprenez une nouvelle langue avec sprachConcept !<\/p>\n<\/div><\/section><\/div>\n\n<\/div><\/div><\/div><!-- close content main div --><\/div><\/div>\n<style type=\"text\/css\" data-created_by=\"avia_inline_auto\" id=\"style-css-av-2b3hf-25c5e4ec016b2d092a6a9adceda551b9\">\n.avia-section.av-2b3hf-25c5e4ec016b2d092a6a9adceda551b9{\nbackground-color:#013399;\nbackground-image:unset;\n}\n<\/style>\n<div id='av_section_3'  class='avia-section av-2b3hf-25c5e4ec016b2d092a6a9adceda551b9 main_color avia-section-default avia-no-border-styling  avia-builder-el-6  el_after_av_section  el_before_av_one_full  avia-bg-style-scroll container_wrap sidebar_right'  ><div class='container av-section-cont-open' ><div class='template-page content  av-content-small alpha units'><div class='post-entry post-entry-type-page post-entry-970'><div class='entry-content-wrapper clearfix'>\n\n<style type=\"text\/css\" data-created_by=\"avia_inline_auto\" id=\"style-css-av-1e2o7-ef58a43b70bf2d45feae0ee3ffa46701\">\n.flex_column.av-1e2o7-ef58a43b70bf2d45feae0ee3ffa46701{\nborder-radius:0px 0px 0px 0px;\npadding:0px 0px 0px 0px;\n}\n<\/style>\n<div  class='flex_column av-1e2o7-ef58a43b70bf2d45feae0ee3ffa46701 av_three_fifth  avia-builder-el-7  el_before_av_two_fifth  avia-builder-el-first  first flex_column_div av-zero-column-padding  '     ><style type=\"text\/css\" data-created_by=\"avia_inline_auto\" id=\"style-css-av-krqb7i8e-89c3c3995101fd54c6a1001a5eac70dc\">\n#top .avia-testimonial-wrapper.av-krqb7i8e-89c3c3995101fd54c6a1001a5eac70dc .avia-testimonial-content{\ncolor:#ffffff;\n}\n#top .avia-testimonial-wrapper.av-krqb7i8e-89c3c3995101fd54c6a1001a5eac70dc .avia-testimonial-name{\ncolor:#ffcc02;\n}\n.avia-testimonial-wrapper.av-krqb7i8e-89c3c3995101fd54c6a1001a5eac70dc .avia-testimonial-subtitle{\ncolor:#ffcc02;\n}\n.avia-testimonial-wrapper.av-krqb7i8e-89c3c3995101fd54c6a1001a5eac70dc .avia-testimonial-link{\ncolor:#ffcc02;\n}\n.avia-testimonial-wrapper.av-krqb7i8e-89c3c3995101fd54c6a1001a5eac70dc .avia-slideshow-controls{\ncolor:#ffffff;\n}\n<\/style>\n<div  class='avia-testimonial-wrapper av-krqb7i8e-89c3c3995101fd54c6a1001a5eac70dc avia-slider-testimonials avia-slider-2-testimonials avia_animate_when_almost_visible av-large-testimonial-slider av-slideshow-ui av-control-default av-slider-hover-pause av-slideshow-autoplay av-loop-endless av-loop-manual-endless' data-slideshow-options=\"{&quot;animation&quot;:&quot;fade&quot;,&quot;autoplay&quot;:true,&quot;loop_autoplay&quot;:&quot;endless&quot;,&quot;interval&quot;:5,&quot;loop_manual&quot;:&quot;manual-endless&quot;,&quot;autoplay_stopper&quot;:false,&quot;noNavigation&quot;:false,&quot;bg_slider&quot;:false,&quot;keep_padding&quot;:&quot;&quot;,&quot;hoverpause&quot;:true,&quot;show_slide_delay&quot;:0}\">\n<section class=\"avia-testimonial-row\"><div class='avia-testimonial av-krqb7hb2-80b6baca651cc43dcb5f0d7afae20969 avia-testimonial-row-1 avia-first-testimonial flex_column no_margin av_one_half'><div class='avia-testimonial_inner'  itemscope=\"itemscope\" itemtype=\"https:\/\/schema.org\/CreativeWork\" ><div class='avia-testimonial-content av_inherit_color'><div class='avia-testimonial-markup-entry-content'  itemprop=\"text\" ><p>Citation du t\u00e9moignage ici<\/p>\n<\/div><\/div><div class=\"avia-testimonial-meta\"><div class=\"avia-testimonial-arrow-wrap\"><div class=\"avia-arrow\"><\/div><\/div><div class='avia-testimonial-meta-mini'  itemprop=\"author\" itemscope=\"itemscope\" itemtype=\"https:\/\/schema.org\/Person\" ><strong  class='avia-testimonial-name'  itemprop=\"name\" >Nom<\/strong><\/div><\/div><\/div><\/div>\n<div class='avia-testimonial av-krqb7hb2-80b6baca651cc43dcb5f0d7afae20969 avia-testimonial-row-1 flex_column no_margin av_one_half'><div class='avia-testimonial_inner'  itemscope=\"itemscope\" itemtype=\"https:\/\/schema.org\/CreativeWork\" ><div class='avia-testimonial-content av_inherit_color'><div class='avia-testimonial-markup-entry-content'  itemprop=\"text\" ><p>Citation du t\u00e9moignage ici<\/p>\n<\/div><\/div><div class=\"avia-testimonial-meta\"><div class=\"avia-testimonial-arrow-wrap\"><div class=\"avia-arrow\"><\/div><\/div><div class='avia-testimonial-meta-mini'  itemprop=\"author\" itemscope=\"itemscope\" itemtype=\"https:\/\/schema.org\/Person\" ><strong  class='avia-testimonial-name'  itemprop=\"name\" >Nom<\/strong><\/div><\/div><\/div><\/div>\n<div class='avia-testimonial av-krqb7hb2-80b6baca651cc43dcb5f0d7afae20969 avia-testimonial-row-1 flex_column no_margin av_one_half'><div class='avia-testimonial_inner'  itemscope=\"itemscope\" itemtype=\"https:\/\/schema.org\/CreativeWork\" ><div class='avia-testimonial-content av_inherit_color'><div class='avia-testimonial-markup-entry-content'  itemprop=\"text\" ><p>Citation du t\u00e9moignage ici<\/p>\n<\/div><\/div><div class=\"avia-testimonial-meta\"><div class=\"avia-testimonial-arrow-wrap\"><div class=\"avia-arrow\"><\/div><\/div><div class='avia-testimonial-meta-mini'  itemprop=\"author\" itemscope=\"itemscope\" itemtype=\"https:\/\/schema.org\/Person\" ><strong  class='avia-testimonial-name'  itemprop=\"name\" >Nom<\/strong><\/div><\/div><\/div><\/div>\n<div class='avia-testimonial av-krqb7hb2-80b6baca651cc43dcb5f0d7afae20969 avia-testimonial-row-1 flex_column no_margin av_one_half'><div class='avia-testimonial_inner'  itemscope=\"itemscope\" itemtype=\"https:\/\/schema.org\/CreativeWork\" ><div class='avia-testimonial-content av_inherit_color'><div class='avia-testimonial-markup-entry-content'  itemprop=\"text\" ><p>Citation du t\u00e9moignage ici<\/p>\n<\/div><\/div><div class=\"avia-testimonial-meta\"><div class=\"avia-testimonial-arrow-wrap\"><div class=\"avia-arrow\"><\/div><\/div><div class='avia-testimonial-meta-mini'  itemprop=\"author\" itemscope=\"itemscope\" itemtype=\"https:\/\/schema.org\/Person\" ><strong  class='avia-testimonial-name'  itemprop=\"name\" >Nom<\/strong><\/div><\/div><\/div><\/div>\n<\/section><div class='avia-slideshow-arrows avia-slideshow-controls' ><a href='#prev' class='prev-slide  avia-svg-icon avia-font-svg_entypo-fontello' data-av_svg_icon='left-open-big' data-av_iconset='svg_entypo-fontello' tabindex='-1' title=\"Pr\u00e9c\u00e9dent\"><svg version=\"1.1\" xmlns=\"http:\/\/www.w3.org\/2000\/svg\" width=\"15\" height=\"32\" viewBox=\"0 0 15 32\" preserveAspectRatio=\"xMidYMid meet\" aria-labelledby='av-svg-title-1' aria-describedby='av-svg-desc-1' role=\"graphics-symbol\" aria-hidden=\"true\">\n<title id='av-svg-title-1'>Pr\u00e9c\u00e9dent<\/title>\n<desc id='av-svg-desc-1'>Pr\u00e9c\u00e9dent<\/desc>\n<path d=\"M14.464 27.84q0.832 0.832 0 1.536-0.832 0.832-1.536 0l-12.544-12.608q-0.768-0.768 0-1.6l12.544-12.608q0.704-0.832 1.536 0 0.832 0.704 0 1.536l-11.456 11.904z\"><\/path>\n<\/svg><span class='avia_hidden_link_text'>Pr\u00e9c\u00e9dent<\/span><\/a><a href='#next' class='next-slide  avia-svg-icon avia-font-svg_entypo-fontello' data-av_svg_icon='right-open-big' data-av_iconset='svg_entypo-fontello' tabindex='-1' title=\"Suivant\"><svg version=\"1.1\" xmlns=\"http:\/\/www.w3.org\/2000\/svg\" width=\"15\" height=\"32\" viewBox=\"0 0 15 32\" preserveAspectRatio=\"xMidYMid meet\" aria-labelledby='av-svg-title-2' aria-describedby='av-svg-desc-2' role=\"graphics-symbol\" aria-hidden=\"true\">\n<title id='av-svg-title-2'>Suivant<\/title>\n<desc id='av-svg-desc-2'>Suivant<\/desc>\n<path d=\"M0.416 27.84l11.456-11.84-11.456-11.904q-0.832-0.832 0-1.536 0.832-0.832 1.536 0l12.544 12.608q0.768 0.832 0 1.6l-12.544 12.608q-0.704 0.832-1.536 0-0.832-0.704 0-1.536z\"><\/path>\n<\/svg><span class='avia_hidden_link_text'>Suivant<\/span><\/a><\/div><\/div><\/div>\n<style type=\"text\/css\" data-created_by=\"avia_inline_auto\" id=\"style-css-av-f3f-a6c1ea75243bf2460809500ec6f6492c\">\n.flex_column.av-f3f-a6c1ea75243bf2460809500ec6f6492c{\nborder-radius:0px 0px 0px 0px;\npadding:0px 0px 0px 0px;\n}\n<\/style>\n<div  class='flex_column av-f3f-a6c1ea75243bf2460809500ec6f6492c av_two_fifth  avia-builder-el-9  el_after_av_three_fifth  avia-builder-el-last  flex_column_div av-zero-column-padding  '     ><style type=\"text\/css\" data-created_by=\"avia_inline_auto\" id=\"style-css-av-krqbc5qh-bff1aa352bad543979d20424dff25807\">\n.avia-image-container.av-krqbc5qh-bff1aa352bad543979d20424dff25807 img.avia_image{\nbox-shadow:none;\n}\n.avia-image-container.av-krqbc5qh-bff1aa352bad543979d20424dff25807 .av-image-caption-overlay-center{\ncolor:#ffffff;\n}\n<\/style>\n<div  class='avia-image-container av-krqbc5qh-bff1aa352bad543979d20424dff25807 av-styling- avia-align-center  avia-builder-el-10  avia-builder-el-no-sibling '   itemprop=\"image\" itemscope=\"itemscope\" itemtype=\"https:\/\/schema.org\/ImageObject\" ><div class=\"avia-image-container-inner\"><div class=\"avia-image-overlay-wrap\"><img decoding=\"async\" fetchpriority=\"high\" class='wp-image-580 avia-img-lazy-loading-not-580 avia_image ' src=\"https:\/\/www.sprachconcept.de\/wp-content\/uploads\/2021\/06\/17046_Sprachschule_sprachConcept_121-300x200.jpg\" alt='' title='17046_Sprachschule_sprachConcept_121'  height=\"200\" width=\"300\"  itemprop=\"thumbnailUrl\" srcset=\"https:\/\/www.sprachconcept.de\/wp-content\/uploads\/2021\/06\/17046_Sprachschule_sprachConcept_121-300x200.jpg 300w, https:\/\/www.sprachconcept.de\/wp-content\/uploads\/2021\/06\/17046_Sprachschule_sprachConcept_121-1030x687.jpg 1030w, https:\/\/www.sprachconcept.de\/wp-content\/uploads\/2021\/06\/17046_Sprachschule_sprachConcept_121-768x512.jpg 768w, https:\/\/www.sprachconcept.de\/wp-content\/uploads\/2021\/06\/17046_Sprachschule_sprachConcept_121-1536x1024.jpg 1536w, https:\/\/www.sprachconcept.de\/wp-content\/uploads\/2021\/06\/17046_Sprachschule_sprachConcept_121-2048x1365.jpg 2048w, https:\/\/www.sprachconcept.de\/wp-content\/uploads\/2021\/06\/17046_Sprachschule_sprachConcept_121-1500x1000.jpg 1500w, https:\/\/www.sprachconcept.de\/wp-content\/uploads\/2021\/06\/17046_Sprachschule_sprachConcept_121-705x470.jpg 705w\" sizes=\"(max-width: 300px) 100vw, 300px\" \/><\/div><\/div><\/div><\/div>\n<\/div><\/div><\/div><!-- close content main div --><\/div><\/div><div id='after_section_3'  class='main_color av_default_container_wrap container_wrap sidebar_right'  ><div class='container av-section-cont-open' ><div class='template-page content  av-content-small alpha units'><div class='post-entry post-entry-type-page post-entry-970'><div class='entry-content-wrapper clearfix'>\n\n<style type=\"text\/css\" data-created_by=\"avia_inline_auto\" id=\"style-css-av-av_one_full-53b0b300fb3685750664fb085c5ad19d\">\n.flex_column.av-av_one_full-53b0b300fb3685750664fb085c5ad19d{\nborder-radius:0px 0px 0px 0px;\npadding:0px 0px 0px 0px;\n}\n<\/style>\n<div  class='flex_column av-av_one_full-53b0b300fb3685750664fb085c5ad19d av_one_full  avia-builder-el-11  el_after_av_section  avia-builder-el-no-sibling  first flex_column_div av-zero-column-padding  '     ><section  class='av_textblock_section av-li2xpg67-dea39d16d11f3cde51b061e393aac9f4 '   itemscope=\"itemscope\" itemtype=\"https:\/\/schema.org\/CreativeWork\" ><div class='avia_textblock'  itemprop=\"text\" ><h3>Bienvenue dans nos locaux de Bruchsaler Stra\u00dfe \u00e0 Berlin<\/h3>\n<\/div><\/section><br \/>\n<\/p><\/div>\n","protected":false},"excerpt":{"rendered":"","protected":false},"author":3,"featured_media":0,"parent":0,"menu_order":0,"comment_status":"closed","ping_status":"open","template":"","meta":{"footnotes":""},"class_list":["post-970","page","type-page","status-publish","hentry"],"yoast_head":"<!-- This site is optimized with the Yoast SEO plugin v27.4 - https:\/\/yoast.com\/product\/yoast-seo-wordpress\/ -->\n<title>A propos de nous - sprachConcept<\/title>\n<meta name=\"robots\" content=\"index, follow, max-snippet:-1, max-image-preview:large, max-video-preview:-1\" \/>\n<link rel=\"canonical\" href=\"https:\/\/www.sprachconcept.de\/fr\/a-propos-de-nous\/\" \/>\n<meta property=\"og:locale\" content=\"fr_FR\" \/>\n<meta property=\"og:type\" content=\"article\" \/>\n<meta property=\"og:title\" content=\"A propos de nous - sprachConcept\" \/>\n<meta property=\"og:url\" content=\"https:\/\/www.sprachconcept.de\/fr\/a-propos-de-nous\/\" \/>\n<meta property=\"og:site_name\" content=\"sprachConcept\" \/>\n<meta property=\"article:modified_time\" content=\"2023-05-25T09:31:20+00:00\" \/>\n<meta name=\"twitter:card\" content=\"summary_large_image\" \/>\n<meta name=\"twitter:label1\" content=\"Dur\u00e9e de lecture estim\u00e9e\" \/>\n\t<meta name=\"twitter:data1\" content=\"3 minutes\" \/>\n<script type=\"application\/ld+json\" class=\"yoast-schema-graph\">{\"@context\":\"https:\\\/\\\/schema.org\",\"@graph\":[{\"@type\":\"WebPage\",\"@id\":\"https:\\\/\\\/www.sprachconcept.de\\\/fr\\\/a-propos-de-nous\\\/\",\"url\":\"https:\\\/\\\/www.sprachconcept.de\\\/fr\\\/a-propos-de-nous\\\/\",\"name\":\"A propos de nous - sprachConcept\",\"isPartOf\":{\"@id\":\"https:\\\/\\\/www.sprachconcept.de\\\/fr\\\/#website\"},\"datePublished\":\"2021-08-24T10:16:22+00:00\",\"dateModified\":\"2023-05-25T09:31:20+00:00\",\"breadcrumb\":{\"@id\":\"https:\\\/\\\/www.sprachconcept.de\\\/fr\\\/a-propos-de-nous\\\/#breadcrumb\"},\"inLanguage\":\"fr-FR\",\"potentialAction\":[{\"@type\":\"ReadAction\",\"target\":[\"https:\\\/\\\/www.sprachconcept.de\\\/fr\\\/a-propos-de-nous\\\/\"]}]},{\"@type\":\"BreadcrumbList\",\"@id\":\"https:\\\/\\\/www.sprachconcept.de\\\/fr\\\/a-propos-de-nous\\\/#breadcrumb\",\"itemListElement\":[{\"@type\":\"ListItem\",\"position\":1,\"name\":\"Home\",\"item\":\"https:\\\/\\\/www.sprachconcept.de\\\/fr\\\/page-daccueil\\\/\"},{\"@type\":\"ListItem\",\"position\":2,\"name\":\"A propos de nous\"}]},{\"@type\":\"WebSite\",\"@id\":\"https:\\\/\\\/www.sprachconcept.de\\\/fr\\\/#website\",\"url\":\"https:\\\/\\\/www.sprachconcept.de\\\/fr\\\/\",\"name\":\"sprachConcept\",\"description\":\"berlin - brandenburg\",\"potentialAction\":[{\"@type\":\"SearchAction\",\"target\":{\"@type\":\"EntryPoint\",\"urlTemplate\":\"https:\\\/\\\/www.sprachconcept.de\\\/fr\\\/?s={search_term_string}\"},\"query-input\":{\"@type\":\"PropertyValueSpecification\",\"valueRequired\":true,\"valueName\":\"search_term_string\"}}],\"inLanguage\":\"fr-FR\"}]}<\/script>\n<!-- \/ Yoast SEO plugin. -->","yoast_head_json":{"title":"A propos de nous - sprachConcept","robots":{"index":"index","follow":"follow","max-snippet":"max-snippet:-1","max-image-preview":"max-image-preview:large","max-video-preview":"max-video-preview:-1"},"canonical":"https:\/\/www.sprachconcept.de\/fr\/a-propos-de-nous\/","og_locale":"fr_FR","og_type":"article","og_title":"A propos de nous - sprachConcept","og_url":"https:\/\/www.sprachconcept.de\/fr\/a-propos-de-nous\/","og_site_name":"sprachConcept","article_modified_time":"2023-05-25T09:31:20+00:00","twitter_card":"summary_large_image","twitter_misc":{"Dur\u00e9e de lecture estim\u00e9e":"3 minutes"},"schema":{"@context":"https:\/\/schema.org","@graph":[{"@type":"WebPage","@id":"https:\/\/www.sprachconcept.de\/fr\/a-propos-de-nous\/","url":"https:\/\/www.sprachconcept.de\/fr\/a-propos-de-nous\/","name":"A propos de nous - sprachConcept","isPartOf":{"@id":"https:\/\/www.sprachconcept.de\/fr\/#website"},"datePublished":"2021-08-24T10:16:22+00:00","dateModified":"2023-05-25T09:31:20+00:00","breadcrumb":{"@id":"https:\/\/www.sprachconcept.de\/fr\/a-propos-de-nous\/#breadcrumb"},"inLanguage":"fr-FR","potentialAction":[{"@type":"ReadAction","target":["https:\/\/www.sprachconcept.de\/fr\/a-propos-de-nous\/"]}]},{"@type":"BreadcrumbList","@id":"https:\/\/www.sprachconcept.de\/fr\/a-propos-de-nous\/#breadcrumb","itemListElement":[{"@type":"ListItem","position":1,"name":"Home","item":"https:\/\/www.sprachconcept.de\/fr\/page-daccueil\/"},{"@type":"ListItem","position":2,"name":"A propos de nous"}]},{"@type":"WebSite","@id":"https:\/\/www.sprachconcept.de\/fr\/#website","url":"https:\/\/www.sprachconcept.de\/fr\/","name":"sprachConcept","description":"berlin - brandenburg","potentialAction":[{"@type":"SearchAction","target":{"@type":"EntryPoint","urlTemplate":"https:\/\/www.sprachconcept.de\/fr\/?s={search_term_string}"},"query-input":{"@type":"PropertyValueSpecification","valueRequired":true,"valueName":"search_term_string"}}],"inLanguage":"fr-FR"}]}},"_links":{"self":[{"href":"https:\/\/www.sprachconcept.de\/fr\/wp-json\/wp\/v2\/pages\/970","targetHints":{"allow":["GET"]}}],"collection":[{"href":"https:\/\/www.sprachconcept.de\/fr\/wp-json\/wp\/v2\/pages"}],"about":[{"href":"https:\/\/www.sprachconcept.de\/fr\/wp-json\/wp\/v2\/types\/page"}],"author":[{"embeddable":true,"href":"https:\/\/www.sprachconcept.de\/fr\/wp-json\/wp\/v2\/users\/3"}],"replies":[{"embeddable":true,"href":"https:\/\/www.sprachconcept.de\/fr\/wp-json\/wp\/v2\/comments?post=970"}],"version-history":[{"count":0,"href":"https:\/\/www.sprachconcept.de\/fr\/wp-json\/wp\/v2\/pages\/970\/revisions"}],"wp:attachment":[{"href":"https:\/\/www.sprachconcept.de\/fr\/wp-json\/wp\/v2\/media?parent=970"}],"curies":[{"name":"wp","href":"https:\/\/api.w.org\/{rel}","templated":true}]}}