{"id":2644,"date":"2022-10-10T15:40:42","date_gmt":"2022-10-10T13:40:42","guid":{"rendered":"https:\/\/www.sprachconcept.de\/?page_id=2644"},"modified":"2024-08-13T14:25:49","modified_gmt":"2024-08-13T12:25:49","slug":"sprachkurs-angebot","status":"publish","type":"page","link":"https:\/\/www.sprachconcept.de\/vi\/sprachkurs-angebot\/","title":{"rendered":"Sprachkurs Angebot: Spare 15% auf deinen Sprachkurs"},"content":{"rendered":"\n<style type=\"text\/css\" data-created_by=\"avia_inline_auto\" id=\"style-css-av-l92m4m3m-08dd8171dc3dde1eabf67f39b3c16c88\">\n.avia-section.av-l92m4m3m-08dd8171dc3dde1eabf67f39b3c16c88{\nbackground-repeat:no-repeat;\nbackground-image:url(https:\/\/www.sprachconcept.de\/wp-content\/uploads\/2021\/07\/florian-wehde-1uWanmgkd5g-unsplash-1500x630.jpg);\nbackground-position:0% 0%;\nbackground-attachment:scroll;\nmargin-top:0px;\nmargin-bottom:0px;\n}\n.avia-section.av-l92m4m3m-08dd8171dc3dde1eabf67f39b3c16c88 .av-section-color-overlay{\nopacity:0.1;\nbackground-color:#0f0f0f;\n}\n<\/style>\n<div id='av_section_1'  class='avia-section av-l92m4m3m-08dd8171dc3dde1eabf67f39b3c16c88 main_color avia-section-no-padding avia-no-border-styling  avia-builder-el-0  el_before_av_hr  avia-builder-el-first  avia-bg-style-scroll av-section-color-overlay-active av-minimum-height av-minimum-height-custom av-height-custom  container_wrap sidebar_right'  data-section-bg-repeat='no-repeat' data-av_minimum_height_px='430'><div class=\"av-section-color-overlay-wrap\"><div class=\"av-section-color-overlay\"><\/div><div class='container av-section-cont-open' style='height:430px'><main  role=\"main\" itemprop=\"mainContentOfPage\"  class='template-page content  av-content-small alpha units'><div class='post-entry post-entry-type-page post-entry-2644'><div class='entry-content-wrapper clearfix'>\n\n<style type=\"text\/css\" data-created_by=\"avia_inline_auto\" id=\"style-css-av-lagw2ffg-081d01d07624582bffcbd8fb2ba6ce1e\">\n#top .av-special-heading.av-lagw2ffg-081d01d07624582bffcbd8fb2ba6ce1e{\npadding-bottom:10px;\ncolor:#ffffff;\nfont-size:42px;\n}\nbody .av-special-heading.av-lagw2ffg-081d01d07624582bffcbd8fb2ba6ce1e .av-special-heading-tag .heading-char{\nfont-size:25px;\n}\n#top #wrap_all .av-special-heading.av-lagw2ffg-081d01d07624582bffcbd8fb2ba6ce1e .av-special-heading-tag{\nfont-size:42px;\n}\n.av-special-heading.av-lagw2ffg-081d01d07624582bffcbd8fb2ba6ce1e .special-heading-inner-border{\nborder-color:#ffffff;\n}\n.av-special-heading.av-lagw2ffg-081d01d07624582bffcbd8fb2ba6ce1e .av-subheading{\nfont-size:15px;\n}\n\n@media only screen and (min-width: 480px) and (max-width: 767px){ \n#top #wrap_all .av-special-heading.av-lagw2ffg-081d01d07624582bffcbd8fb2ba6ce1e .av-special-heading-tag{\nfont-size:0.8em;\n}\n}\n\n@media only screen and (max-width: 479px){ \n#top #wrap_all .av-special-heading.av-lagw2ffg-081d01d07624582bffcbd8fb2ba6ce1e .av-special-heading-tag{\nfont-size:0.8em;\n}\n}\n<\/style>\n<div  class='av-special-heading av-lagw2ffg-081d01d07624582bffcbd8fb2ba6ce1e av-special-heading-h1 custom-color-heading blockquote modern-quote modern-centered  avia-builder-el-1  avia-builder-el-no-sibling  av-inherit-size'><h1 class='av-special-heading-tag '  itemprop=\"headline\"  >Sprachkurs Angebot: Spare 15%!<\/h1><div class=\"special-heading-border\"><div class=\"special-heading-inner-border\"><\/div><\/div><\/div>\n<\/div><\/div><\/main><!-- close content main element --><\/div><\/div><\/div><div id='after_section_1'  class='main_color av_default_container_wrap container_wrap sidebar_right'  ><div class='container av-section-cont-open' ><div class='template-page content  av-content-small alpha units'><div class='post-entry post-entry-type-page post-entry-2644'><div class='entry-content-wrapper clearfix'>\n\n<style type=\"text\/css\" data-created_by=\"avia_inline_auto\" id=\"style-css-av-c9zeok-ddc900cce387be2ec6f485268e2d23f2\">\n#top .hr.hr-invisible.av-c9zeok-ddc900cce387be2ec6f485268e2d23f2{\nheight:10px;\n}\n<\/style>\n<div  class='hr av-c9zeok-ddc900cce387be2ec6f485268e2d23f2 hr-invisible  avia-builder-el-2  el_after_av_section  el_before_av_one_third  avia-builder-el-first '><span class='hr-inner '><span class=\"hr-inner-style\"><\/span><\/span><\/div>\n\n<style type=\"text\/css\" data-created_by=\"avia_inline_auto\" id=\"style-css-av-l9co1kzb-fbbe1d6af461ed5cb44c86ac8fb0be71\">\n@keyframes av_boxShadowEffect_av-l9co1kzb-fbbe1d6af461ed5cb44c86ac8fb0be71-column {\n0%   { box-shadow:  0 0 0 0 #919191; opacity: 1; }\n100% { box-shadow:  0 0 13px 0 #919191; opacity: 1; }\n}\n#top .flex_column.av-l9co1kzb-fbbe1d6af461ed5cb44c86ac8fb0be71{\nmargin-top:0px;\nmargin-bottom:0px;\n}\n.flex_column.av-l9co1kzb-fbbe1d6af461ed5cb44c86ac8fb0be71{\nbox-shadow: 0 0 13px 0 #919191;\nborder-width:7px;\nborder-color:#ffcc02;\nborder-style:solid;\nborder-radius:10px 10px 10px 10px;\npadding:15px 15px 15px 15px;\nbackground-color:#f2f2f2;\n}\n.responsive #top #wrap_all .flex_column.av-l9co1kzb-fbbe1d6af461ed5cb44c86ac8fb0be71{\nmargin-top:0px;\nmargin-bottom:0px;\n}\n<\/style>\n<div  class='flex_column av-l9co1kzb-fbbe1d6af461ed5cb44c86ac8fb0be71 av_one_third  avia-builder-el-3  el_after_av_hr  el_before_av_one_third  first flex_column_div shadow-not-animated  '     ><p>\n<style type=\"text\/css\" data-created_by=\"avia_inline_auto\" id=\"style-css-av-l9co4lsp-8d169d2e52916ed9ae0465afad70cea8\">\n#top .av-special-heading.av-l9co4lsp-8d169d2e52916ed9ae0465afad70cea8{\nmargin:20px 20px 20px 5px;\npadding-bottom:10px;\ncolor:#0a0a0a;\nfont-size:19px;\n}\nbody .av-special-heading.av-l9co4lsp-8d169d2e52916ed9ae0465afad70cea8 .av-special-heading-tag .heading-char{\nfont-size:25px;\n}\n#top #wrap_all .av-special-heading.av-l9co4lsp-8d169d2e52916ed9ae0465afad70cea8 .av-special-heading-tag{\nfont-size:19px;\n}\n.av-special-heading.av-l9co4lsp-8d169d2e52916ed9ae0465afad70cea8 .special-heading-inner-border{\nborder-color:#0a0a0a;\n}\n.av-special-heading.av-l9co4lsp-8d169d2e52916ed9ae0465afad70cea8 .av-subheading{\nfont-size:15px;\n}\n\n@media only screen and (min-width: 480px) and (max-width: 767px){ \n#top #wrap_all .av-special-heading.av-l9co4lsp-8d169d2e52916ed9ae0465afad70cea8 .av-special-heading-tag{\nfont-size:0.8em;\n}\n}\n\n@media only screen and (max-width: 479px){ \n#top #wrap_all .av-special-heading.av-l9co4lsp-8d169d2e52916ed9ae0465afad70cea8 .av-special-heading-tag{\nfont-size:0.8em;\n}\n}\n<\/style>\n<div  class='av-special-heading av-l9co4lsp-8d169d2e52916ed9ae0465afad70cea8 av-special-heading-h3 custom-color-heading blockquote modern-quote  avia-builder-el-4  el_before_av_textblock  avia-builder-el-first  av-inherit-size'><h3 class='av-special-heading-tag '  itemprop=\"headline\"  >1. Englisch, Deutsch, oder&#8230;?<\/h3><div class=\"special-heading-border\"><div class=\"special-heading-inner-border\"><\/div><\/div><\/div><br \/>\n\n<style type=\"text\/css\" data-created_by=\"avia_inline_auto\" id=\"style-css-av-l9co4sr5-cc34509872ddc11492bba787b6a7b37e\">\n#top .av_textblock_section.av-l9co4sr5-cc34509872ddc11492bba787b6a7b37e .avia_textblock{\ncolor:#0a0a0a;\n}\n<\/style>\n<section  class='av_textblock_section av-l9co4sr5-cc34509872ddc11492bba787b6a7b37e '   itemscope=\"itemscope\" itemtype=\"https:\/\/schema.org\/CreativeWork\" ><div class='avia_textblock av_inherit_color'  itemprop=\"text\" ><p style=\"text-align: left;\">Ganz egal, ob Einsteiger, Fortgeschrittener oder Profi. Wir bieten unser Sprachkurs-Angebot f\u00fcr jedes Niveau an. W\u00e4hlen Sie jetzt aus, welche Sprache Sie lernen m\u00f6chtest.<\/p>\n<\/div><\/section><\/p><\/div>\n<style type=\"text\/css\" data-created_by=\"avia_inline_auto\" id=\"style-css-av-l9copxwk-99df5d841d80a98f29abdb13731490ce\">\n@keyframes av_boxShadowEffect_av-l9copxwk-99df5d841d80a98f29abdb13731490ce-column {\n0%   { box-shadow:  0 0 0 0 #919191; opacity: 1; }\n100% { box-shadow:  0 0 13px 0 #919191; opacity: 1; }\n}\n#top .flex_column.av-l9copxwk-99df5d841d80a98f29abdb13731490ce{\nmargin-top:0px;\nmargin-bottom:0px;\n}\n.flex_column.av-l9copxwk-99df5d841d80a98f29abdb13731490ce{\nbox-shadow: 0 0 13px 0 #919191;\nborder-width:7px;\nborder-color:#ffcc02;\nborder-style:solid;\nborder-radius:10px 10px 10px 10px;\npadding:15px 15px 15px 15px;\nbackground-color:#f2f2f2;\n}\n.responsive #top #wrap_all .flex_column.av-l9copxwk-99df5d841d80a98f29abdb13731490ce{\nmargin-top:0px;\nmargin-bottom:0px;\n}\n<\/style>\n<div  class='flex_column av-l9copxwk-99df5d841d80a98f29abdb13731490ce av_one_third  avia-builder-el-6  el_after_av_one_third  el_before_av_one_third  flex_column_div shadow-not-animated  '     ><p>\n<style type=\"text\/css\" data-created_by=\"avia_inline_auto\" id=\"style-css-av-l9coeqsk-b1d3ecdd130119549640de379e5852a1\">\n#top .av-special-heading.av-l9coeqsk-b1d3ecdd130119549640de379e5852a1{\nmargin:20px 20px 20px 5px;\npadding-bottom:10px;\ncolor:#0a0a0a;\n}\nbody .av-special-heading.av-l9coeqsk-b1d3ecdd130119549640de379e5852a1 .av-special-heading-tag .heading-char{\nfont-size:25px;\n}\n.av-special-heading.av-l9coeqsk-b1d3ecdd130119549640de379e5852a1 .special-heading-inner-border{\nborder-color:#0a0a0a;\n}\n.av-special-heading.av-l9coeqsk-b1d3ecdd130119549640de379e5852a1 .av-subheading{\nfont-size:15px;\n}\n<\/style>\n<div  class='av-special-heading av-l9coeqsk-b1d3ecdd130119549640de379e5852a1 av-special-heading-h3 custom-color-heading blockquote modern-quote  avia-builder-el-7  el_before_av_textblock  avia-builder-el-first '><h3 class='av-special-heading-tag '  itemprop=\"headline\"  >2. Sprachkurs-Angebot buchen<\/h3><div class=\"special-heading-border\"><div class=\"special-heading-inner-border\"><\/div><\/div><\/div><br \/>\n\n<style type=\"text\/css\" data-created_by=\"avia_inline_auto\" id=\"style-css-av-l9cofccm-55e3b48dbf5cc6e544167fa40929fa6c\">\n#top .av_textblock_section.av-l9cofccm-55e3b48dbf5cc6e544167fa40929fa6c .avia_textblock{\ncolor:#0a0a0a;\n}\n<\/style>\n<section  class='av_textblock_section av-l9cofccm-55e3b48dbf5cc6e544167fa40929fa6c '   itemscope=\"itemscope\" itemtype=\"https:\/\/schema.org\/CreativeWork\" ><div class='avia_textblock av_inherit_color'  itemprop=\"text\" ><p>Wenn Sie mind. 3 Einheiten Einzelunterricht buchen, zahlen Sie anstatt 45\u20ac nur 40\u20ac pro Unterrichtseinheit. Danach gibt es keine verpflichtende Anzahl an Stunden. <a href=\"https:\/\/www.sprachconcept.de\/kontakt\/\">Kontaktiere uns!<\/a><\/p>\n<\/div><\/section><\/p><\/div>\n<style type=\"text\/css\" data-created_by=\"avia_inline_auto\" id=\"style-css-av-l9corr6y-2d00a68e3c7376754d018860e52a4f17\">\n@keyframes av_boxShadowEffect_av-l9corr6y-2d00a68e3c7376754d018860e52a4f17-column {\n0%   { box-shadow:  0 0 0 0 #919191; opacity: 1; }\n100% { box-shadow:  0 0 13px 0 #919191; opacity: 1; }\n}\n#top .flex_column.av-l9corr6y-2d00a68e3c7376754d018860e52a4f17{\nmargin-top:0px;\nmargin-bottom:0px;\n}\n.flex_column.av-l9corr6y-2d00a68e3c7376754d018860e52a4f17{\nbox-shadow: 0 0 13px 0 #919191;\nborder-width:7px;\nborder-color:#ffcc02;\nborder-style:solid;\nborder-radius:10px 10px 10px 10px;\npadding:15px 15px 15px 15px;\nbackground-color:#f2f2f2;\n}\n.responsive #top #wrap_all .flex_column.av-l9corr6y-2d00a68e3c7376754d018860e52a4f17{\nmargin-top:0px;\nmargin-bottom:0px;\n}\n<\/style>\n<div  class='flex_column av-l9corr6y-2d00a68e3c7376754d018860e52a4f17 av_one_third  avia-builder-el-9  el_after_av_one_third  el_before_av_hr  flex_column_div shadow-not-animated  '     ><p>\n<style type=\"text\/css\" data-created_by=\"avia_inline_auto\" id=\"style-css-av-l9coevz0-3dcbea2ebaa9988a5930acf42a03c9aa\">\n#top .av-special-heading.av-l9coevz0-3dcbea2ebaa9988a5930acf42a03c9aa{\nmargin:20px 20px 20px 5px;\npadding-bottom:10px;\ncolor:#0a0a0a;\n}\nbody .av-special-heading.av-l9coevz0-3dcbea2ebaa9988a5930acf42a03c9aa .av-special-heading-tag .heading-char{\nfont-size:25px;\n}\n.av-special-heading.av-l9coevz0-3dcbea2ebaa9988a5930acf42a03c9aa .special-heading-inner-border{\nborder-color:#0a0a0a;\n}\n.av-special-heading.av-l9coevz0-3dcbea2ebaa9988a5930acf42a03c9aa .av-subheading{\nfont-size:15px;\n}\n<\/style>\n<div  class='av-special-heading av-l9coevz0-3dcbea2ebaa9988a5930acf42a03c9aa av-special-heading-h3 custom-color-heading blockquote modern-quote  avia-builder-el-10  el_before_av_textblock  avia-builder-el-first '><h3 class='av-special-heading-tag '  itemprop=\"headline\"  >3. Wie geht\u2019s dann weiter?<\/h3><div class=\"special-heading-border\"><div class=\"special-heading-inner-border\"><\/div><\/div><\/div><br \/>\n\n<style type=\"text\/css\" data-created_by=\"avia_inline_auto\" id=\"style-css-av-l9cof3dj-c0ce2d6ac3664297f1d82da7ad6399d5\">\n#top .av_textblock_section.av-l9cof3dj-c0ce2d6ac3664297f1d82da7ad6399d5 .avia_textblock{\ncolor:#0a0a0a;\n}\n<\/style>\n<section  class='av_textblock_section av-l9cof3dj-c0ce2d6ac3664297f1d82da7ad6399d5 '   itemscope=\"itemscope\" itemtype=\"https:\/\/schema.org\/CreativeWork\" ><div class='avia_textblock av_inherit_color'  itemprop=\"text\" ><p style=\"text-align: left;\">Bei uns gibt es keine Mindestanzahl an Unterrichtseinheiten. Sie haben au\u00dferdem die M\u00f6glichkeit ein anerkanntes <a href=\"https:\/\/www.sprachconcept.de\/sprachschule-berlin\/\">Sprachzertifikat<\/a> zu erwerben. Nehmen Sie gerne Kontakt zu uns auf!<\/p>\n<\/div><\/section><\/p><\/div>\n<style type=\"text\/css\" data-created_by=\"avia_inline_auto\" id=\"style-css-av-5fi5yc-7bf263ad224e00a074f605a9ea90cfb2\">\n#top .hr.av-5fi5yc-7bf263ad224e00a074f605a9ea90cfb2{\nmargin-top:40px;\nmargin-bottom:40px;\n}\n.hr.av-5fi5yc-7bf263ad224e00a074f605a9ea90cfb2 .hr-inner{\nwidth:70px;\nborder-color:#ffcc02;\n}\n<\/style>\n<div  class='hr av-5fi5yc-7bf263ad224e00a074f605a9ea90cfb2 hr-custom  avia-builder-el-12  el_after_av_one_third  el_before_av_textblock  hr-center hr-icon-no'><span class='hr-inner inner-border-av-border-fat'><span class=\"hr-inner-style\"><\/span><\/span><\/div><\/p>\n<section  class='av_textblock_section av-lagwgbc1-8f00c6b2b754323d5a994277ed0370eb '   itemscope=\"itemscope\" itemtype=\"https:\/\/schema.org\/CreativeWork\" ><div class='avia_textblock'  itemprop=\"text\" ><h2 style=\"text-align: center;\">Jetzt unverbindlich Sprachkurs Angebot anfragen<\/h2>\n<\/div><\/section>\n\n<style type=\"text\/css\" data-created_by=\"avia_inline_auto\" id=\"style-css-av-lagwh6b6-631974394c98342f126bc21bd55a043e\">\n#top .hr.hr-invisible.av-lagwh6b6-631974394c98342f126bc21bd55a043e{\nheight:50px;\n}\n<\/style>\n<div  class='hr av-lagwh6b6-631974394c98342f126bc21bd55a043e hr-invisible  avia-builder-el-14  el_after_av_textblock  el_before_av_contact '><span class='hr-inner '><span class=\"hr-inner-style\"><\/span><\/span><\/div>\n<form action=\"https:\/\/www.sprachconcept.de\/vi\/sprachkurs-angebot\/\" method=\"post\" data-fields-with-error=\"Found errors in the following field(s):\" class=\"avia_ajax_form av-form-labels-visible   avia-builder-el-15  el_after_av_hr  el_before_av_section  avia-builder-el-last   \" data-avia-form-id=\"1\" data-avia-redirect='https:\/\/www.sprachconcept.de\/vi\/thankyoumessage\/' ><fieldset><p class='  first_form  form_element form_fullwidth' id='element_avia_1_1'><label for=\"avia_1_1\">Name <abbr class=\"required\" title=\"required\">*<\/abbr><\/label> <input name=\"avia_1_1\" class=\"text_input is_empty\" type=\"text\" id=\"avia_1_1\" value=\"\" \/><\/p><p class='  first_form  form_element form_fullwidth' id='element_avia_2_1'><label for=\"avia_2_1\">E-Mail <abbr class=\"required\" title=\"required\">*<\/abbr><\/label> <input name=\"avia_2_1\" class=\"text_input is_email\" type=\"text\" id=\"avia_2_1\" value=\"\" \/><\/p><p class='  first_form  form_element form_fullwidth' id='element_avia_3_1'><label for=\"avia_3_1\">Welche Sprachen wollen Sie lernen?<\/label><select  name=\"avia_3_1\" class=\"select \" id=\"avia_3_1\"><option   value='Deutsch'>Deutsch<\/option><option   value='English'>English<\/option><option   value='andere Sprachen'>andere Sprachen<\/option><\/select><\/p><p class='  first_form  form_element form_fullwidth' id='element_avia_4_1'><label for=\"avia_4_1\" class=\"textare_label hidden textare_label_avia_4_1\">Anmerkungen<\/label><textarea  name=\"avia_4_1\" class=\"text_area \" cols=\"40\" rows=\"7\" id=\"avia_4_1\" ><\/textarea><\/p><p class=\"hidden\"><input type=\"text\" name=\"avia_5_1\" class=\"hidden \" id=\"avia_5_1\" value=\"\" \/><\/p><p class='   form_element form_fullwidth' id='element_avia_6_1'><span class='value_verifier_label'>3 + 1 = ?<\/span><input name=\"avia_6_1_verifier\" type=\"hidden\" id=\"avia_6_1_verifier\" value=\"832734445\"\/><label for=\"avia_6_1\">Please prove that you are human by solving the equation <abbr class=\"required\" title=\"required\">*<\/abbr><\/label><input name=\"avia_6_1\" class=\"text_input captcha\" type=\"text\" id=\"avia_6_1\" value=\"\"\/><\/p><p class=\"form_element \"><input type=\"hidden\" value=\"1\" name=\"avia_generated_form1\" \/><input type=\"submit\" value=\"Abschicken\" class=\"button\"  data-sending-label=\"Sending\"\/><\/p><\/fieldset><\/form><div id=\"ajaxresponse_1\" class=\"ajaxresponse ajaxresponse_1 hidden\"><\/div>\n<\/div><\/div><\/div><!-- close content main div --><\/div><\/div><div id='av_section_2'  class='avia-section av-lkl0e49h-aba43d24cd75fe6a03c67e6bed5c121a main_color avia-section-default avia-no-border-styling  avia-builder-el-16  el_after_av_contact  avia-builder-el-last  avia-bg-style-scroll container_wrap sidebar_right'  ><div class='container av-section-cont-open' ><div class='template-page content  av-content-small alpha units'><div class='post-entry post-entry-type-page post-entry-2644'><div class='entry-content-wrapper clearfix'>\n\n<style type=\"text\/css\" data-created_by=\"avia_inline_auto\" id=\"style-css-av-lkl0h53n-44589a4cc3fdc71285116384d17877cb\">\n.avia-image-container.av-lkl0h53n-44589a4cc3fdc71285116384d17877cb img.avia_image{\nbox-shadow:none;\n}\n.avia-image-container.av-lkl0h53n-44589a4cc3fdc71285116384d17877cb .av-image-caption-overlay-center{\ncolor:#ffffff;\n}\n<\/style>\n<div  class='avia-image-container av-lkl0h53n-44589a4cc3fdc71285116384d17877cb av-styling- avia-align-center  avia-builder-el-17  avia-builder-el-no-sibling '   itemprop=\"image\" itemscope=\"itemscope\" itemtype=\"https:\/\/schema.org\/ImageObject\" ><div class=\"avia-image-container-inner\"><div class=\"avia-image-overlay-wrap\"><img decoding=\"async\" fetchpriority=\"high\" class='wp-image-2184 avia-img-lazy-loading-not-2184 avia_image ' src=\"https:\/\/www.sprachconcept.de\/wp-content\/uploads\/2022\/06\/DSC_0499-1024x430.jpg\" alt='' title='DSC_0499'  height=\"430\" width=\"1024\"  itemprop=\"thumbnailUrl\"  \/><\/div><\/div><\/div>\n<\/div><\/div><\/div><!-- close content main div --><\/div><\/div><div id='after_section_2'  class='main_color av_default_container_wrap container_wrap sidebar_right'  ><div class='container av-section-cont-open' ><div class='template-page content  av-content-small alpha units'><div class='post-entry post-entry-type-page post-entry-2644'><div class='entry-content-wrapper clearfix'>\n","protected":false},"excerpt":{"rendered":"","protected":false},"author":4,"featured_media":0,"parent":0,"menu_order":0,"comment_status":"closed","ping_status":"closed","template":"","meta":{"footnotes":""},"class_list":["post-2644","page","type-page","status-publish","hentry"],"yoast_head":"<!-- This site is optimized with the Yoast SEO plugin v27.5 - https:\/\/yoast.com\/product\/yoast-seo-wordpress\/ -->\n<title>Sprachkurs Angebot: Spare 15% auf deinen Sprachkurs - sprachConcept<\/title>\n<meta name=\"description\" content=\"Deutsch und Englischkurse bieten wir zum Schnuppern mit 15% Rabatt. Buche jetzt jetzt dein Sprachkurs Angebot. Wir beraten Dich gerne!\" \/>\n<meta name=\"robots\" content=\"index, follow, max-snippet:-1, max-image-preview:large, max-video-preview:-1\" \/>\n<link rel=\"canonical\" href=\"https:\/\/www.sprachconcept.de\/vi\/sprachkurs-angebot\/\" \/>\n<meta property=\"og:locale\" content=\"vi_VN\" \/>\n<meta property=\"og:type\" content=\"article\" \/>\n<meta property=\"og:title\" content=\"Sprachkurs Angebot: Spare 15% auf deinen Sprachkurs - sprachConcept\" \/>\n<meta property=\"og:description\" content=\"Deutsch und Englischkurse bieten wir zum Schnuppern mit 15% Rabatt. Buche jetzt jetzt dein Sprachkurs Angebot. Wir beraten Dich gerne!\" \/>\n<meta property=\"og:url\" content=\"https:\/\/www.sprachconcept.de\/vi\/sprachkurs-angebot\/\" \/>\n<meta property=\"og:site_name\" content=\"sprachConcept\" \/>\n<meta property=\"article:modified_time\" content=\"2024-08-13T12:25:49+00:00\" \/>\n<meta name=\"twitter:card\" content=\"summary_large_image\" \/>\n<meta name=\"twitter:label1\" content=\"Est. reading time\" \/>\n\t<meta name=\"twitter:data1\" content=\"1 minute\" \/>\n<script type=\"application\/ld+json\" class=\"yoast-schema-graph\">{\"@context\":\"https:\\\/\\\/schema.org\",\"@graph\":[{\"@type\":\"WebPage\",\"@id\":\"https:\\\/\\\/www.sprachconcept.de\\\/vi\\\/sprachkurs-angebot\\\/\",\"url\":\"https:\\\/\\\/www.sprachconcept.de\\\/vi\\\/sprachkurs-angebot\\\/\",\"name\":\"Sprachkurs Angebot: Spare 15% auf deinen Sprachkurs - sprachConcept\",\"isPartOf\":{\"@id\":\"https:\\\/\\\/www.sprachconcept.de\\\/vi\\\/#website\"},\"datePublished\":\"2022-10-10T13:40:42+00:00\",\"dateModified\":\"2024-08-13T12:25:49+00:00\",\"description\":\"Deutsch und Englischkurse bieten wir zum Schnuppern mit 15% Rabatt. Buche jetzt jetzt dein Sprachkurs Angebot. Wir beraten Dich gerne!\",\"breadcrumb\":{\"@id\":\"https:\\\/\\\/www.sprachconcept.de\\\/vi\\\/sprachkurs-angebot\\\/#breadcrumb\"},\"inLanguage\":\"vi-VN\",\"potentialAction\":[{\"@type\":\"ReadAction\",\"target\":[\"https:\\\/\\\/www.sprachconcept.de\\\/vi\\\/sprachkurs-angebot\\\/\"]}]},{\"@type\":\"BreadcrumbList\",\"@id\":\"https:\\\/\\\/www.sprachconcept.de\\\/vi\\\/sprachkurs-angebot\\\/#breadcrumb\",\"itemListElement\":[{\"@type\":\"ListItem\",\"position\":1,\"name\":\"Home\",\"item\":\"https:\\\/\\\/www.sprachconcept.de\\\/vi\\\/sprachschule-berlin\\\/\"},{\"@type\":\"ListItem\",\"position\":2,\"name\":\"Sprachkurs Angebot: Spare 15% auf deinen Sprachkurs\"}]},{\"@type\":\"WebSite\",\"@id\":\"https:\\\/\\\/www.sprachconcept.de\\\/vi\\\/#website\",\"url\":\"https:\\\/\\\/www.sprachconcept.de\\\/vi\\\/\",\"name\":\"sprachConcept\",\"description\":\"berlin - brandenburg\",\"potentialAction\":[{\"@type\":\"SearchAction\",\"target\":{\"@type\":\"EntryPoint\",\"urlTemplate\":\"https:\\\/\\\/www.sprachconcept.de\\\/vi\\\/?s={search_term_string}\"},\"query-input\":{\"@type\":\"PropertyValueSpecification\",\"valueRequired\":true,\"valueName\":\"search_term_string\"}}],\"inLanguage\":\"vi-VN\"}]}<\/script>\n<!-- \/ Yoast SEO plugin. -->","yoast_head_json":{"title":"Sprachkurs Angebot: Spare 15% auf deinen Sprachkurs - sprachConcept","description":"Deutsch und Englischkurse bieten wir zum Schnuppern mit 15% Rabatt. Buche jetzt jetzt dein Sprachkurs Angebot. Wir beraten Dich gerne!","robots":{"index":"index","follow":"follow","max-snippet":"max-snippet:-1","max-image-preview":"max-image-preview:large","max-video-preview":"max-video-preview:-1"},"canonical":"https:\/\/www.sprachconcept.de\/vi\/sprachkurs-angebot\/","og_locale":"vi_VN","og_type":"article","og_title":"Sprachkurs Angebot: Spare 15% auf deinen Sprachkurs - sprachConcept","og_description":"Deutsch und Englischkurse bieten wir zum Schnuppern mit 15% Rabatt. Buche jetzt jetzt dein Sprachkurs Angebot. Wir beraten Dich gerne!","og_url":"https:\/\/www.sprachconcept.de\/vi\/sprachkurs-angebot\/","og_site_name":"sprachConcept","article_modified_time":"2024-08-13T12:25:49+00:00","twitter_card":"summary_large_image","twitter_misc":{"Est. reading time":"1 minute"},"schema":{"@context":"https:\/\/schema.org","@graph":[{"@type":"WebPage","@id":"https:\/\/www.sprachconcept.de\/vi\/sprachkurs-angebot\/","url":"https:\/\/www.sprachconcept.de\/vi\/sprachkurs-angebot\/","name":"Sprachkurs Angebot: Spare 15% auf deinen Sprachkurs - sprachConcept","isPartOf":{"@id":"https:\/\/www.sprachconcept.de\/vi\/#website"},"datePublished":"2022-10-10T13:40:42+00:00","dateModified":"2024-08-13T12:25:49+00:00","description":"Deutsch und Englischkurse bieten wir zum Schnuppern mit 15% Rabatt. Buche jetzt jetzt dein Sprachkurs Angebot. Wir beraten Dich gerne!","breadcrumb":{"@id":"https:\/\/www.sprachconcept.de\/vi\/sprachkurs-angebot\/#breadcrumb"},"inLanguage":"vi-VN","potentialAction":[{"@type":"ReadAction","target":["https:\/\/www.sprachconcept.de\/vi\/sprachkurs-angebot\/"]}]},{"@type":"BreadcrumbList","@id":"https:\/\/www.sprachconcept.de\/vi\/sprachkurs-angebot\/#breadcrumb","itemListElement":[{"@type":"ListItem","position":1,"name":"Home","item":"https:\/\/www.sprachconcept.de\/vi\/sprachschule-berlin\/"},{"@type":"ListItem","position":2,"name":"Sprachkurs Angebot: Spare 15% auf deinen Sprachkurs"}]},{"@type":"WebSite","@id":"https:\/\/www.sprachconcept.de\/vi\/#website","url":"https:\/\/www.sprachconcept.de\/vi\/","name":"sprachConcept","description":"berlin - brandenburg","potentialAction":[{"@type":"SearchAction","target":{"@type":"EntryPoint","urlTemplate":"https:\/\/www.sprachconcept.de\/vi\/?s={search_term_string}"},"query-input":{"@type":"PropertyValueSpecification","valueRequired":true,"valueName":"search_term_string"}}],"inLanguage":"vi-VN"}]}},"_links":{"self":[{"href":"https:\/\/www.sprachconcept.de\/vi\/wp-json\/wp\/v2\/pages\/2644","targetHints":{"allow":["GET"]}}],"collection":[{"href":"https:\/\/www.sprachconcept.de\/vi\/wp-json\/wp\/v2\/pages"}],"about":[{"href":"https:\/\/www.sprachconcept.de\/vi\/wp-json\/wp\/v2\/types\/page"}],"author":[{"embeddable":true,"href":"https:\/\/www.sprachconcept.de\/vi\/wp-json\/wp\/v2\/users\/4"}],"replies":[{"embeddable":true,"href":"https:\/\/www.sprachconcept.de\/vi\/wp-json\/wp\/v2\/comments?post=2644"}],"version-history":[{"count":0,"href":"https:\/\/www.sprachconcept.de\/vi\/wp-json\/wp\/v2\/pages\/2644\/revisions"}],"wp:attachment":[{"href":"https:\/\/www.sprachconcept.de\/vi\/wp-json\/wp\/v2\/media?parent=2644"}],"curies":[{"name":"wp","href":"https:\/\/api.w.org\/{rel}","templated":true}]}}